{"id":35128,"date":"2024-01-25T13:57:21","date_gmt":"2024-01-25T13:57:21","guid":{"rendered":"https:\/\/victoriarevol.com\/?page_id=35128"},"modified":"2024-02-26T19:40:03","modified_gmt":"2024-02-26T19:40:03","slug":"contacto","status":"publish","type":"page","link":"https:\/\/victoriarevol.com\/en\/contacto\/","title":{"rendered":"Contacto"},"content":{"rendered":"<div data-elementor-type=\"wp-page\" data-elementor-id=\"35128\" class=\"elementor elementor-35128\" data-elementor-post-type=\"page\">\n\t\t\t\t\t\t<section class=\"elementor-section elementor-top-section elementor-element elementor-element-79f4f30 elementor-section-full_width elementor-section-height-min-height elementor-section-height-default elementor-section-items-middle sc_fly_static\" data-id=\"79f4f30\" data-element_type=\"section\">\n\t\t\t\t\t\t<div class=\"elementor-container elementor-column-gap-extended\">\n\t\t\t\t\t<div class=\"elementor-column elementor-col-100 elementor-top-column elementor-element elementor-element-a0062b7 sc_inner_width_none sc_content_align_inherit sc_layouts_column_icons_position_left sc_fly_static\" data-id=\"a0062b7\" data-element_type=\"column\">\n\t\t\t<div class=\"elementor-widget-wrap elementor-element-populated\">\n\t\t\t\t\t\t<div class=\"elementor-element elementor-element-0a14eba elementor--h-position-left elementor--v-position-top sc_fly_static elementor-widget elementor-widget-slides\" data-id=\"0a14eba\" data-element_type=\"widget\" data-settings=\"{&quot;navigation&quot;:&quot;none&quot;,&quot;autoplay_speed&quot;:3500,&quot;transition&quot;:&quot;fade&quot;,&quot;autoplay&quot;:&quot;yes&quot;,&quot;infinite&quot;:&quot;yes&quot;,&quot;transition_speed&quot;:500}\" data-widget_type=\"slides.default\">\n\t\t\t\t<div class=\"elementor-widget-container\">\n\t\t\t\t\t<div class=\"elementor-swiper\">\n\t\t\t<div class=\"elementor-slides-wrapper elementor-main-swiper swiper-container\" dir=\"ltr\" data-animation=\"\">\n\t\t\t\t<div class=\"swiper-wrapper elementor-slides\">\n\t\t\t\t\t\t\t\t\t\t<div class=\"elementor-repeater-item-9c76028 swiper-slide\"><div class=\"swiper-slide-bg\" role=\"img\"><\/div><div class=\"swiper-slide-inner\" ><div class=\"swiper-slide-contents\"><div class=\"elementor-slide-heading\"><div  class=\"linea\"><\/div><span class=\"texto\">TRABAJEMOS JUNTOS<\/span><\/div><div class=\"elementor-slide-description\"><div class=\"texto\"><span style=\"color: #42372C;\">\u00bfTen\u00e9s <\/span> <span style=\"color: #E8E5E2;\"><span style=\"font-family: NT Epika;\"><span style=\"font-weight: 600;\">alg\u00fan proyecto para que construyamos<\/span><\/span><\/span><span style=\"color: #42372C;\">?<\/span>\n<span style=\"color: #42372C;\">Escribime<\/span><\/div><\/div><\/div><\/div><\/div><div class=\"elementor-repeater-item-5e5142b swiper-slide\"><div class=\"swiper-slide-bg\" role=\"img\"><\/div><div class=\"swiper-slide-inner\" ><div class=\"swiper-slide-contents\"><div class=\"elementor-slide-heading\"><div  class=\"linea\"><\/div><span class=\"texto\">TRABAJEMOS JUNTOS<\/span><\/div><div class=\"elementor-slide-description\"><div class=\"texto\"><span style=\"color: #42372C;\">\u00bfTen\u00e9s <\/span> <span style=\"color: #E9934F;\"><span style=\"font-family: NT Epika;\"><span style=\"font-weight: 600;\">alg\u00fan proyecto para que construyamos<\/span><\/span><\/span><span style=\"color: #42372C;\">?<\/span>\n<span style=\"color: #42372C;\">Escribime<\/span><\/div><\/div><\/div><\/div><\/div>\t\t\t\t<\/div>\n\t\t\t\t\t\t\t\t\t\t\t\t\t\t\t\t\t\t\t\t\t<\/div>\n\t\t<\/div>\n\t\t\t\t<\/div>\n\t\t\t\t<\/div>\n\t\t\t\t<div class=\"elementor-element elementor-element-cbf6ae3 elementor-absolute sc_fly_static elementor-widget elementor-widget-image\" data-id=\"cbf6ae3\" data-element_type=\"widget\" data-settings=\"{&quot;_position&quot;:&quot;absolute&quot;}\" data-widget_type=\"image.default\">\n\t\t\t\t<div class=\"elementor-widget-container\">\n\t\t\t\t\t\t\t\t\t\t\t\t\t<img fetchpriority=\"high\" decoding=\"async\" width=\"912\" height=\"690\" src=\"https:\/\/victoriarevol.com\/wp-content\/uploads\/2024\/02\/Recurso-2-2.png\" class=\"attachment-full size-full wp-image-36772\" alt=\"\" srcset=\"https:\/\/victoriarevol.com\/wp-content\/uploads\/2024\/02\/Recurso-2-2.png 912w, https:\/\/victoriarevol.com\/wp-content\/uploads\/2024\/02\/Recurso-2-2-300x227.png 300w, https:\/\/victoriarevol.com\/wp-content\/uploads\/2024\/02\/Recurso-2-2-768x581.png 768w, https:\/\/victoriarevol.com\/wp-content\/uploads\/2024\/02\/Recurso-2-2-370x280.png 370w, https:\/\/victoriarevol.com\/wp-content\/uploads\/2024\/02\/Recurso-2-2-840x636.png 840w, https:\/\/victoriarevol.com\/wp-content\/uploads\/2024\/02\/Recurso-2-2-410x310.png 410w, https:\/\/victoriarevol.com\/wp-content\/uploads\/2024\/02\/Recurso-2-2-730x552.png 730w\" sizes=\"(max-width: 912px) 100vw, 912px\" \/>\t\t\t\t\t\t\t\t\t\t\t\t\t<\/div>\n\t\t\t\t<\/div>\n\t\t\t\t<div class=\"elementor-element elementor-element-8bced04 elementor-widget-tablet__width-initial formulario elementor-widget__width-initial elementor-absolute sc_fly_static elementor-widget elementor-widget-trx_sc_contact_form_7\" data-id=\"8bced04\" data-element_type=\"widget\" id=\"botonFormulario\" data-settings=\"{&quot;_position&quot;:&quot;absolute&quot;}\" data-widget_type=\"trx_sc_contact_form_7.default\">\n\t\t\t\t<div class=\"elementor-widget-container\">\n\t\t\t\n<div class=\"wpcf7 no-js\" id=\"wpcf7-f36646-o1\" lang=\"es-AR\" dir=\"ltr\">\n<div class=\"screen-reader-response\"><p role=\"status\" aria-live=\"polite\" aria-atomic=\"true\"><\/p> <ul><\/ul><\/div>\n<form action=\"\/en\/wp-json\/wp\/v2\/pages\/35128#wpcf7-f36646-o1\" method=\"post\" class=\"wpcf7-form init\" aria-label=\"Formulario de contacto\" novalidate=\"novalidate\" data-status=\"init\" data-trp-original-action=\"\/en\/wp-json\/wp\/v2\/pages\/35128#wpcf7-f36646-o1\">\n<div style=\"display: none;\">\n<input type=\"hidden\" name=\"_wpcf7\" value=\"36646\" \/>\n<input type=\"hidden\" name=\"_wpcf7_version\" value=\"5.9.2\" \/>\n<input type=\"hidden\" name=\"_wpcf7_locale\" value=\"es_AR\" \/>\n<input type=\"hidden\" name=\"_wpcf7_unit_tag\" value=\"wpcf7-f36646-o1\" \/>\n<input type=\"hidden\" name=\"_wpcf7_container_post\" value=\"0\" \/>\n<input type=\"hidden\" name=\"_wpcf7_posted_data_hash\" value=\"\" \/>\n<input type=\"hidden\" name=\"_wpcf7_recaptcha_response\" value=\"\" \/>\n<\/div>\n<div class=\"form-style-3\">\n\t<div class=\"columns_wrap\">\n\t\t<div class=\"column-1_1\">\n\t\t\t<p><span class=\"style-line icon-name\"><span class=\"wpcf7-form-control-wrap\" data-name=\"your-name\"><input size=\"40\" class=\"wpcf7-form-control wpcf7-text wpcf7-validates-as-required\" aria-required=\"true\" aria-invalid=\"false\" placeholder=\"Nombre y apellido\" value=\"\" type=\"text\" name=\"your-name\" \/><\/span><\/span>\n\t\t\t<\/p>\n\t\t<\/div>\n\t\t<div class=\"column-1_1\">\n\t\t\t<p><span class=\"style-line icon-email\"><span class=\"wpcf7-form-control-wrap\" data-name=\"your-email\"><input size=\"40\" class=\"wpcf7-form-control wpcf7-email wpcf7-validates-as-required wpcf7-text wpcf7-validates-as-email\" aria-required=\"true\" aria-invalid=\"false\" placeholder=\"Email\" value=\"\" type=\"email\" name=\"your-email\" \/><\/span><\/span>\n\t\t\t<\/p>\n\t\t<\/div>\n\t\t<div class=\"column-1_1\">\n\t\t\t<p><span class=\"style-line icon-phone\"><span class=\"wpcf7-form-control-wrap\" data-name=\"telefono\"><input class=\"wpcf7-form-control wpcf7-number wpcf7-validates-as-number\" aria-invalid=\"false\" placeholder=\"Tel\u00e9fono\" value=\"\" type=\"number\" name=\"telefono\" \/><\/span><\/span><br \/>\n<span class=\"spanFormulario\">Opcional<\/span>\n\t\t\t<\/p>\n\t\t<\/div>\n\t\t<div class=\"column-1_1\">\n\t\t\t<p><span class=\"style-line icon-name\"><span class=\"wpcf7-form-control-wrap\" data-name=\"your-name\"><input size=\"40\" class=\"wpcf7-form-control wpcf7-text wpcf7-validates-as-required\" aria-required=\"true\" aria-invalid=\"false\" placeholder=\"Lugar de impacto\" value=\"\" type=\"text\" name=\"your-name\" \/><\/span><\/span><br \/>\n<span class=\"spanFormulario\">\u00bfDesde d\u00f3nde me escribes o d\u00f3nde te gustar\u00eda que crezcamos juntos?<\/span>\n\t\t\t<\/p>\n\t\t<\/div>\n\t\t<div class=\"column-1_1\">\n\t\t\t<p><span class=\"style-line icon-location-light\"><span class=\"wpcf7-form-control-wrap\" data-name=\"residence\"><select class=\"wpcf7-form-control wpcf7-select\" aria-invalid=\"false\" name=\"residence\"><option value=\"\u00bfCu\u00e1l es el motivo de tu consulta?\">\u00bfCu\u00e1l es el motivo de tu consulta?<\/option><option value=\"Consultor\u00eda en Sustentabilidad\">Consultor\u00eda en Sustentabilidad<\/option><option value=\"Comunicaci\u00f3n y Estrategia Digital\">Comunicaci\u00f3n y Estrategia Digital<\/option><option value=\"Producci\u00f3n Editorial\">Producci\u00f3n Editorial<\/option><option value=\"Desarrollo Web\">Desarrollo Web<\/option><option value=\"Talleres de Escritura\">Talleres de Escritura<\/option><option value=\"Terapias Hol\u00edsticas\">Terapias Hol\u00edsticas<\/option><option value=\"Otros\">Otros<\/option><\/select><\/span><\/span>\n\t\t\t<\/p>\n\t\t<\/div>\n\t\t<div class=\"column-1_1\">\n\t\t\t<p><span class=\"style-line icon-textarea\"><span class=\"wpcf7-form-control-wrap\" data-name=\"your-message\"><textarea cols=\"40\" rows=\"10\" class=\"wpcf7-form-control wpcf7-textarea wpcf7-validates-as-required\" aria-required=\"true\" aria-invalid=\"false\" placeholder=\"\u00bfC\u00f3mo puedo ayudarte?\" name=\"your-message\"><\/textarea><\/span><\/span>\n\t\t\t<\/p>\n\t\t<\/div>\n\t\t<div id=\"botonFormulario\">\n\t\t\t<p><input class=\"wpcf7-form-control wpcf7-submit has-spinner\" type=\"submit\" value=\"Enviar consulta\" \/>\n\t\t\t<\/p>\n\t\t<\/div>\n\t<\/div>\n<\/div><div class=\"wpcf7-response-output\" aria-hidden=\"true\"><\/div>\n<input type=\"hidden\" name=\"trp-form-language\" value=\"en\"\/><\/form>\n<\/div>\n\t\t<\/div>\n\t\t\t\t<\/div>\n\t\t\t\t\t<\/div>\n\t\t<\/div>\n\t\t\t\t\t<\/div>\n\t\t<\/section>\n\t\t\t\t<\/div>","protected":false},"excerpt":{"rendered":"<p>TRABAJEMOS JUNTOS\u00bfTen\u00e9s alg\u00fan proyecto para que construyamos? EscribimeTRABAJEMOS JUNTOS\u00bfTen\u00e9s alg\u00fan proyecto para que construyamos? Escribime Opcional \u00bfDesde d\u00f3nde me escribes o d\u00f3nde te gustar\u00eda que crezcamos juntos? \u00bfCu\u00e1l es el&hellip;<\/p>","protected":false},"author":1,"featured_media":0,"parent":0,"menu_order":0,"comment_status":"closed","ping_status":"closed","template":"","meta":{"_joinchat":[],"footnotes":""},"class_list":["post-35128","page","type-page","status-publish","hentry"],"_links":{"self":[{"href":"https:\/\/victoriarevol.com\/en\/wp-json\/wp\/v2\/pages\/35128","targetHints":{"allow":["GET"]}}],"collection":[{"href":"https:\/\/victoriarevol.com\/en\/wp-json\/wp\/v2\/pages"}],"about":[{"href":"https:\/\/victoriarevol.com\/en\/wp-json\/wp\/v2\/types\/page"}],"author":[{"embeddable":true,"href":"https:\/\/victoriarevol.com\/en\/wp-json\/wp\/v2\/users\/1"}],"replies":[{"embeddable":true,"href":"https:\/\/victoriarevol.com\/en\/wp-json\/wp\/v2\/comments?post=35128"}],"version-history":[{"count":721,"href":"https:\/\/victoriarevol.com\/en\/wp-json\/wp\/v2\/pages\/35128\/revisions"}],"predecessor-version":[{"id":40594,"href":"https:\/\/victoriarevol.com\/en\/wp-json\/wp\/v2\/pages\/35128\/revisions\/40594"}],"wp:attachment":[{"href":"https:\/\/victoriarevol.com\/en\/wp-json\/wp\/v2\/media?parent=35128"}],"curies":[{"name":"wp","href":"https:\/\/api.w.org\/{rel}","templated":true}]}}